{"id":867,"date":"2023-05-08T10:16:14","date_gmt":"2023-05-08T10:16:14","guid":{"rendered":"https:\/\/bethancunningham.com\/politique-de-confidentialite\/"},"modified":"2024-03-05T16:39:23","modified_gmt":"2024-03-05T16:39:23","slug":"politique-de-confidentialite","status":"publish","type":"page","link":"https:\/\/bethancunningham.com\/fr\/politique-de-confidentialite\/","title":{"rendered":"Politique de confidentialit\u00e9"},"content":{"rendered":"<p>[et_pb_section fb_built=\u00a0\u00bb1&Prime; _builder_version=\u00a0\u00bb4.16&Prime; global_colors_info=\u00a0\u00bb{}\u00a0\u00bb][et_pb_row _builder_version=\u00a0\u00bb4.16&Prime; background_size=\u00a0\u00bbinitial\u00a0\u00bb background_position=\u00a0\u00bbtop_left\u00a0\u00bb background_repeat=\u00a0\u00bbrepeat\u00a0\u00bb global_colors_info=\u00a0\u00bb{}\u00a0\u00bb][et_pb_column type=\u00a0\u00bb4_4&Prime; _builder_version=\u00a0\u00bb4.16&Prime; custom_padding=\u00a0\u00bb|||\u00a0\u00bb global_colors_info=\u00a0\u00bb{}\u00a0\u00bb custom_padding__hover=\u00a0\u00bb|||\u00a0\u00bb][et_pb_text _builder_version=\u00a0\u00bb4.22.0&Prime; background_size=\u00a0\u00bbinitial\u00a0\u00bb background_position=\u00a0\u00bbtop_left\u00a0\u00bb background_repeat=\u00a0\u00bbrepeat\u00a0\u00bb hover_enabled=\u00a0\u00bb0&Prime; global_colors_info=\u00a0\u00bb{}\u00a0\u00bb sticky_enabled=\u00a0\u00bb0&Prime;]<\/p>\n<h1>Politique de confidentialit\u00e9<\/h1>\n<p>Conform\u00e9ment au R\u00c8GLEMENT (UE) 2016\/679 DU PARLEMENT EUROP\u00c9EN ET DU CONSEIL du 27 avril 2016, relatif \u00e0 la protection des personnes physiques \u00e0 l\u2019\u00e9gard du traitement des donn\u00e9es \u00e0 caract\u00e8re personnel et \u00e0 la libre circulation de ces donn\u00e9es, et \u00e0 la loi organique espagnole 3\/2018 du 5 d\u00e9cembre relative \u00e0 la protection des donn\u00e9es personnelles et la garantie des droits num\u00e9riques, vous \u00eates inform\u00e9 que les donn\u00e9es personnelles que vous fournissez via ce site web (ci-apr\u00e8s le site web) seront trait\u00e9es selon les conditions suivantes :<\/p>\n<h2>Responsable du traitement<\/h2>\n<p>Les donn\u00e9es personnelles recueillies via ce site web seront trait\u00e9es par Bethan Cunningham, dont l\u2019adresse e-mail est : <a href=\"mailto:bethancunningham@gmail.com\" target=\"_blank\" rel=\"noopener\">bethancunningham@gmail.com<\/a>.<\/p>\n<h2>Finalit\u00e9s du traitement<\/h2>\n<p>Vous informer sur nos produits et services lorsque vous le demandez via les formulaires du site web ou par e-mail.<br \/>\nR\u00e9pondre \u00e0 vos requ\u00eates, commentaires et suggestions, et les g\u00e9rer, le cas \u00e9ch\u00e9ant.<br \/>\nG\u00e9rer votre participation aux processus de s\u00e9lection actuels et futurs, lorsque vous nous envoyez vos donn\u00e9es (y compris votre CV) \u00e0 cette fin.<br \/>\nDans le but d\u2019obtenir des informations sur l\u2019utilisation du site web, le nombre de pages visit\u00e9es, le nombre de visites, l\u2019activit\u00e9 des visiteurs et la fr\u00e9quence d\u2019utilisation sont analys\u00e9s. \u00c0 cette fin, la RESPONSABLE utilise des informations statistiques rassembl\u00e9es par le fournisseur d\u2019acc\u00e8s \u00e0 Internet qui ne permettent \u00e0 aucun moment d\u2019identifier la personne int\u00e9ress\u00e9e.<\/p>\n<h2>L\u00e9gitimation<\/h2>\n<p>Int\u00e9r\u00eat l\u00e9gitime du responsable. Les informations statistiques obtenues \u00e0 partir du site web seront trait\u00e9es dans l\u2019int\u00e9r\u00eat l\u00e9gitime de la responsable. Ces informations ne permettent pas d\u2019identifier l\u2019utilisateur.<\/p>\n<h2>Destinataires<\/h2>\n<p>Les donn\u00e9es personnelles obtenues via le site web ne seront pas communiqu\u00e9es \u00e0 des tiers, sauf obligation l\u00e9gale.<\/p>\n<h2>Conservation<\/h2>\n<p>Lorsque l\u2019utilisateur envoie ses donn\u00e9es pour entrer en contact avec la RESPONSABLE, lui poser des questions ou lui faire des suggestions, ces donn\u00e9es seront conserv\u00e9es pendant la dur\u00e9e n\u00e9cessaire \u00e0 cette fin et tant que des responsabilit\u00e9s pourront d\u00e9couler de leur traitement.<\/p>\n<p>Les donn\u00e9es de trafic, les statistiques et les visites web seront conserv\u00e9es pendant une dur\u00e9e de trois ans.<\/p>\n<h2>Droits<\/h2>\n<p>Vous pouvez exercer vos droits d\u2019acc\u00e8s \u00e0 vos donn\u00e9es, de rectification, de suppression et de portabilit\u00e9 de vos donn\u00e9es, de limitation du traitement et d\u2019opposition par communication \u00e9crite \u00e0 Bethan Cunningham, en y joignant un document officiel permettant de vous identifier.<\/p>\n<p>Adresse e-mail : <a href=\"mailto:bethancunningham@gmail.com\" target=\"_blank\" rel=\"noopener\">bethancunningham@gmail.com<\/a>. En cas de d\u00e9saccord avec le traitement, vous aurez \u00e9galement le droit de d\u00e9poser plainte aupr\u00e8s de l\u2019Agence espagnole de protection des donn\u00e9es (<a href=\"https:\/\/www.aepd.es\/\" target=\"_blank\" rel=\"noopener\">www.aepd.es<\/a>).<\/p>\n<h2>Politique de protection des mineurs<\/h2>\n<p>Quiconque fournit des donn\u00e9es via les formulaires de ce site web et accepte leur traitement d\u00e9clare formellement avoir plus de 14 ans.<\/p>\n<p>L\u2019acc\u00e8s au portail et son utilisation sont interdits aux mineurs de moins de 14 ans.<\/p>\n<p>La RESPONSABLE rappelle aux personnes majeures qui ont \u00e0 leur charge des mineurs que la responsabilit\u00e9 leur incombera exclusivement si ces mineurs fournissent leurs donn\u00e9es pour demander un produit.<\/p>\n<p>Elle les informe \u00e9galement qu\u2019il existe des programmes informatiques permettant de limiter la navigation en filtrant ou en bloquant certains contenus.<\/p>\n<h2>Traitement d\u00e9riv\u00e9 de l\u2019utilisation des r\u00e9seaux sociaux<\/h2>\n<p>En suivant notre profil sur les r\u00e9seaux sociaux, vous acceptez express\u00e9ment le traitement de vos donn\u00e9es personnelles conform\u00e9ment \u00e0 la politique de confidentialit\u00e9 du r\u00e9seau social correspondant. De m\u00eame, vous acceptez express\u00e9ment que la RESPONSABLE traite les donn\u00e9es contenues dans votre profil et que les actualit\u00e9s publi\u00e9es sur tout produit de la RESPONSABLE apparaissent sur son fil. Votre demande de connexion implique votre consentement aux traitements mentionn\u00e9s, ceci constituant la base juridique du traitement. Les donn\u00e9es seront conserv\u00e9es tant que la personne int\u00e9ress\u00e9e ne s\u2019y opposera pas ou ne retirera pas son consentement, ce qu\u2019elle pourra faire \u00e0 tout moment.<\/p>\n<p>Les commentaires et contenus publi\u00e9s sur les r\u00e9seaux sociaux deviendront des informations publiques. Par cons\u00e9quent, les utilisateurs devront \u00eatre particuli\u00e8rement prudents s\u2019ils d\u00e9cident de partager leurs informations personnelles. La RESPONSABLE ne sera pas tenue responsable des informations que les utilisateurs ajoutent \u00e0 la page. Toutefois, les personnes dont les donn\u00e9es personnelles sont publi\u00e9es ou mentionn\u00e9es dans des commentaires peuvent demander \u00e0 la RESPONSABLE de les annuler.[\/et_pb_text][\/et_pb_column][\/et_pb_row][\/et_pb_section]<\/p>\n","protected":false},"excerpt":{"rendered":"<p>Politique de confidentialit\u00e9 Conform\u00e9ment au R\u00c8GLEMENT (UE) 2016\/679 DU PARLEMENT EUROP\u00c9EN ET DU CONSEIL du 27 avril 2016, relatif \u00e0 la protection des personnes physiques \u00e0 l\u2019\u00e9gard du traitement des donn\u00e9es \u00e0 caract\u00e8re personnel et \u00e0 la libre circulation de ces donn\u00e9es, et \u00e0 la loi organique espagnole 3\/2018 du 5 d\u00e9cembre relative \u00e0 la [&hellip;]<\/p>\n","protected":false},"author":1,"featured_media":0,"parent":0,"menu_order":0,"comment_status":"closed","ping_status":"closed","template":"","meta":{"_et_pb_use_builder":"on","_et_pb_old_content":"","_et_gb_content_width":"","footnotes":""},"dipi_cpt_category":[],"class_list":["post-867","page","type-page","status-publish","hentry"],"_links":{"self":[{"href":"https:\/\/bethancunningham.com\/fr\/wp-json\/wp\/v2\/pages\/867","targetHints":{"allow":["GET"]}}],"collection":[{"href":"https:\/\/bethancunningham.com\/fr\/wp-json\/wp\/v2\/pages"}],"about":[{"href":"https:\/\/bethancunningham.com\/fr\/wp-json\/wp\/v2\/types\/page"}],"author":[{"embeddable":true,"href":"https:\/\/bethancunningham.com\/fr\/wp-json\/wp\/v2\/users\/1"}],"replies":[{"embeddable":true,"href":"https:\/\/bethancunningham.com\/fr\/wp-json\/wp\/v2\/comments?post=867"}],"version-history":[{"count":5,"href":"https:\/\/bethancunningham.com\/fr\/wp-json\/wp\/v2\/pages\/867\/revisions"}],"predecessor-version":[{"id":872,"href":"https:\/\/bethancunningham.com\/fr\/wp-json\/wp\/v2\/pages\/867\/revisions\/872"}],"wp:attachment":[{"href":"https:\/\/bethancunningham.com\/fr\/wp-json\/wp\/v2\/media?parent=867"}],"wp:term":[{"taxonomy":"dipi_cpt_category","embeddable":true,"href":"https:\/\/bethancunningham.com\/fr\/wp-json\/wp\/v2\/dipi_cpt_category?post=867"}],"curies":[{"name":"wp","href":"https:\/\/api.w.org\/{rel}","templated":true}]}}