{"id":861,"date":"2023-09-29T07:10:47","date_gmt":"2023-09-29T07:10:47","guid":{"rendered":"https:\/\/bethancunningham.com\/mentions-legales\/"},"modified":"2024-03-07T16:31:35","modified_gmt":"2024-03-07T16:31:35","slug":"mentions-legales","status":"publish","type":"page","link":"https:\/\/bethancunningham.com\/fr\/mentions-legales\/","title":{"rendered":"Mentions l\u00e9gales"},"content":{"rendered":"<p>[et_pb_section fb_built=\u00a0\u00bb1&Prime; theme_builder_area=\u00a0\u00bbpost_content\u00a0\u00bb _builder_version=\u00a0\u00bb4.22.0&Prime; _module_preset=\u00a0\u00bbdefault\u00a0\u00bb][et_pb_row _builder_version=\u00a0\u00bb4.22.0&Prime; _module_preset=\u00a0\u00bbdefault\u00a0\u00bb theme_builder_area=\u00a0\u00bbpost_content\u00a0\u00bb][et_pb_column _builder_version=\u00a0\u00bb4.22.0&Prime; _module_preset=\u00a0\u00bbdefault\u00a0\u00bb type=\u00a0\u00bb4_4&Prime; theme_builder_area=\u00a0\u00bbpost_content\u00a0\u00bb][et_pb_text _builder_version=\u00a0\u00bb4.22.0&Prime; _module_preset=\u00a0\u00bbdefault\u00a0\u00bb theme_builder_area=\u00a0\u00bbpost_content\u00a0\u00bb hover_enabled=\u00a0\u00bb0&Prime; sticky_enabled=\u00a0\u00bb0&Prime;]<\/p>\n<h1>Mentions l\u00e9gales<\/h1>\n<h2>Droits de propri\u00e9t\u00e9 intellectuelle et industrielle<\/h2>\n<p>Bethan Cunningham d\u00e9tient les droits de propri\u00e9t\u00e9 intellectuelle et industrielle de tous les \u00e9l\u00e9ments qui composent le site web, notamment la marque, le nom commercial ou tout autre signe distinctif. Les logos, textes, photographies, sons et autres \u00e9l\u00e9ments contenus sur le site web, \u00e0 titre indicatif mais non limitatif, sont prot\u00e9g\u00e9s par le droit d\u2019auteur.<\/p>\n<p>En aucun cas l\u2019acc\u00e8s au site web ou la navigation sur ce dernier n\u2019implique renonciation, transmission ou octroi de licence totale ou partielle par Bethan Cunningham de ses droits de propri\u00e9t\u00e9 intellectuelle et industrielle \u00e0 l\u2019utilisateur pour son usage personnel.<\/p>\n<p>Par cons\u00e9quent, l\u2019utilisateur reconna\u00eet que la reproduction, la copie, la distribution, la commercialisation, la transformation, la r\u00e9utilisation, la communication publique et en g\u00e9n\u00e9ral, toute autre forme d\u2019exploitation, par quelque proc\u00e9d\u00e9 que ce soit, de l\u2019ensemble ou d\u2019une partie du contenu du site, sans l\u2019autorisation \u00e9crite expresse de Bethan Cunningham, constitue une contrefa\u00e7on de ses droits de propri\u00e9t\u00e9 intellectuelle et\/ou industrielle.<\/p>\n<h2>Protection des donn\u00e9es<\/h2>\n<p>Conform\u00e9ment \u00e0 la r\u00e9glementation en vigueur sur la protection des donn\u00e9es, ainsi que sur les services de la soci\u00e9t\u00e9 de l\u2019information et du commerce \u00e9lectronique, l\u2019utilisateur accepte que les donn\u00e9es personnelles fournies \u00e0 Bethan Cunningham soient int\u00e9gr\u00e9es \u00e0 des fichiers qui lui appartiennent, afin d\u2019offrir les services demand\u00e9s dans chaque cas, et rendus explicites au moment o\u00f9 ils sont fournis, et de les tenir inform\u00e9s par courrier \u00e9lectronique ou par d\u2019autres moyens des nouveaut\u00e9s, produits et services de Bethan Cunningham. Dans le cas de communications commerciales par courrier \u00e9lectronique, l\u2019utilisateur donne son consentement expr\u00e8s \u00e0 l\u2019envoi de publicit\u00e9s via ce support.<\/p>\n<p>De m\u00eame, l\u2019utilisateur accepte que Bethan Cunningham transf\u00e8re ses donn\u00e9es dans le seul but d\u2019am\u00e9liorer la prestation de ses services, et conform\u00e9ment \u00e0 la r\u00e9glementation espagnole sur la protection des donn\u00e9es personnelles.<\/p>\n<p>Bethan Cunningham s\u2019engage \u00e0 respecter son obligation de secret des donn\u00e9es personnelles et son devoir de les traiter avec confidentialit\u00e9, en prenant, \u00e0 ces fins, les mesures techniques, organisationnelles et de s\u00e9curit\u00e9 n\u00e9cessaires pour emp\u00eacher leur alt\u00e9ration, leur perte, leur traitement ou l\u2019acc\u00e8s non autoris\u00e9 \u00e0 celles-ci, conform\u00e9ment aux dispositions de la loi organique espagnole 15\/1999 du 13 d\u00e9cembre relative \u00e0 la protection des donn\u00e9es personnelles et aux autres lois applicables.<\/p>\n<p>Tout utilisateur enregistr\u00e9 peut exercer, \u00e0 tout moment, son droit d\u2019acc\u00e8s \u00e0 ses donn\u00e9es personnelles, demander la rectification de ces donn\u00e9es et, le cas \u00e9ch\u00e9ant, demander leur suppression au moyen d\u2019une demande \u00e9crite adress\u00e9e \u00e0 Bethan Cunningham.[\/et_pb_text][\/et_pb_column][\/et_pb_row][\/et_pb_section]<\/p>\n","protected":false},"excerpt":{"rendered":"<p>Mentions l\u00e9gales Droits de propri\u00e9t\u00e9 intellectuelle et industrielle Bethan Cunningham d\u00e9tient les droits de propri\u00e9t\u00e9 intellectuelle et industrielle de tous les \u00e9l\u00e9ments qui composent le site web, notamment la marque, le nom commercial ou tout autre signe distinctif. Les logos, textes, photographies, sons et autres \u00e9l\u00e9ments contenus sur le site web, \u00e0 titre indicatif mais [&hellip;]<\/p>\n","protected":false},"author":1,"featured_media":0,"parent":0,"menu_order":0,"comment_status":"closed","ping_status":"closed","template":"","meta":{"_et_pb_use_builder":"on","_et_pb_old_content":"","_et_gb_content_width":"","footnotes":""},"dipi_cpt_category":[],"class_list":["post-861","page","type-page","status-publish","hentry"],"_links":{"self":[{"href":"https:\/\/bethancunningham.com\/fr\/wp-json\/wp\/v2\/pages\/861","targetHints":{"allow":["GET"]}}],"collection":[{"href":"https:\/\/bethancunningham.com\/fr\/wp-json\/wp\/v2\/pages"}],"about":[{"href":"https:\/\/bethancunningham.com\/fr\/wp-json\/wp\/v2\/types\/page"}],"author":[{"embeddable":true,"href":"https:\/\/bethancunningham.com\/fr\/wp-json\/wp\/v2\/users\/1"}],"replies":[{"embeddable":true,"href":"https:\/\/bethancunningham.com\/fr\/wp-json\/wp\/v2\/comments?post=861"}],"version-history":[{"count":8,"href":"https:\/\/bethancunningham.com\/fr\/wp-json\/wp\/v2\/pages\/861\/revisions"}],"predecessor-version":[{"id":937,"href":"https:\/\/bethancunningham.com\/fr\/wp-json\/wp\/v2\/pages\/861\/revisions\/937"}],"wp:attachment":[{"href":"https:\/\/bethancunningham.com\/fr\/wp-json\/wp\/v2\/media?parent=861"}],"wp:term":[{"taxonomy":"dipi_cpt_category","embeddable":true,"href":"https:\/\/bethancunningham.com\/fr\/wp-json\/wp\/v2\/dipi_cpt_category?post=861"}],"curies":[{"name":"wp","href":"https:\/\/api.w.org\/{rel}","templated":true}]}}