{"id":855,"date":"2023-09-29T08:12:58","date_gmt":"2023-09-29T08:12:58","guid":{"rendered":"https:\/\/bethancunningham.com\/politique-de-cookies\/"},"modified":"2024-03-11T15:01:01","modified_gmt":"2024-03-11T15:01:01","slug":"politique-de-cookies","status":"publish","type":"page","link":"https:\/\/bethancunningham.com\/fr\/politique-de-cookies\/","title":{"rendered":"Politique de cookies"},"content":{"rendered":"<p>[et_pb_section fb_built=\u00a0\u00bb1&Prime; admin_label=\u00a0\u00bbsection\u00a0\u00bb _builder_version=\u00a0\u00bb4.16&Prime; global_colors_info=\u00a0\u00bb{}\u00a0\u00bb][et_pb_row admin_label=\u00a0\u00bbrow\u00a0\u00bb _builder_version=\u00a0\u00bb4.16&Prime; background_size=\u00a0\u00bbinitial\u00a0\u00bb background_position=\u00a0\u00bbtop_left\u00a0\u00bb background_repeat=\u00a0\u00bbrepeat\u00a0\u00bb global_colors_info=\u00a0\u00bb{}\u00a0\u00bb][et_pb_column type=\u00a0\u00bb4_4&Prime; _builder_version=\u00a0\u00bb4.16&Prime; custom_padding=\u00a0\u00bb|||\u00a0\u00bb global_colors_info=\u00a0\u00bb{}\u00a0\u00bb custom_padding__hover=\u00a0\u00bb|||\u00a0\u00bb][et_pb_text admin_label=\u00a0\u00bbText\u00a0\u00bb _builder_version=\u00a0\u00bb4.22.2&Prime; background_size=\u00a0\u00bbinitial\u00a0\u00bb background_position=\u00a0\u00bbtop_left\u00a0\u00bb background_repeat=\u00a0\u00bbrepeat\u00a0\u00bb hover_enabled=\u00a0\u00bb0&Prime; global_colors_info=\u00a0\u00bb{}\u00a0\u00bb sticky_enabled=\u00a0\u00bb0&Prime;]<\/p>\n<h1>Politique de cookies<\/h1>\n<h2>\u00c0 propos de cette politique de cookies.<\/h2>\n<p>Cette politique de cookies explique ce que sont les cookies et comment nous les utilisons. Vous devez lire cette politique pour comprendre ce que sont les cookies, comment nous les utilisons, les types de cookies que nous utilisons, c\u2019est-\u00e0-dire les informations que nous recueillons \u00e0 l\u2019aide des cookies et comment ces informations sont utilis\u00e9es, et comment g\u00e9rer vos pr\u00e9f\u00e9rences en mati\u00e8re de cookies. Pour en savoir plus sur la mani\u00e8re dont nous utilisons, stockons et prot\u00e9geons vos donn\u00e9es personnelles, veuillez consulter notre Politique de confidentialit\u00e9. Vous pouvez modifier ou retirer votre consentement \u00e0 la politique de cookies de notre site web \u00e0 tout moment. Pour en savoir plus sur qui nous sommes, comment vous pouvez nous contacter et comment nous traitons les donn\u00e9es personnelles, consultez notre Politique de confidentialit\u00e9. Votre consentement s\u2019applique au domaine suivant : bethancunningham.com[user_consent_state]<\/p>\n<h2>Que sont les cookies ?<\/h2>\n<p>Les cookies sont de petits fichiers de texte utilis\u00e9s pour stocker des informations. Les cookies sont stock\u00e9s sur votre appareil lorsque le site web se charge dans votre navigateur. Ces cookies nous permettent de faire fonctionner le site web correctement, de le rendre plus s\u00fbr, d\u2019offrir une meilleure exp\u00e9rience utilisateur, de comprendre les performances du site web et d\u2019analyser ce qui fonctionne et ce qui pourrait \u00eatre am\u00e9lior\u00e9.<\/p>\n<h2>Comment utilisons-nous les cookies ?<\/h2>\n<p>Comme la plupart des services en ligne, notre site web utilise ses propres cookies et ceux de tiers \u00e0 diff\u00e9rentes fins. Les cookies internes sont essentiellement n\u00e9cessaires au bon fonctionnement du site web et ne recueillent aucune de vos donn\u00e9es personnelles identifiables. Les cookies tiers utilis\u00e9s sur notre site web sont principalement utilis\u00e9s pour comprendre les performances du site web et la mani\u00e8re dont vous interagissez avec ce dernier, assurer la s\u00e9curit\u00e9 de nos services et vous montrer des publicit\u00e9s pertinentes, le tout dans le but de vous offrir un meilleur service, d\u2019am\u00e9liorer l\u2019exp\u00e9rience utilisateur et d\u2019acc\u00e9l\u00e9rer vos futures interactions avec notre site web.<\/p>\n<h2>Quels types de cookies utilisons-nous ?<\/h2>\n<p>Les cookies utilis\u00e9s sur notre site web sont regroup\u00e9s dans les cat\u00e9gories suivantes.[cookie_category]La liste suivante \u00e9num\u00e8re les cookies utilis\u00e9s sur notre site web.[cookie_audit_category columns=\u00a0\u00bbcookie,description\u00a0\u00bb]<\/p>\n<h2>Comment puis-je g\u00e9rer mes pr\u00e9f\u00e9rences en mati\u00e8re de cookies ?<\/h2>\n<p>Vous pouvez g\u00e9rer vos pr\u00e9f\u00e9rences en mati\u00e8re de cookies en cliquant sur le bouton \u00ab Param\u00e8tres \u00bb et en activant ou d\u00e9sactivant les diff\u00e9rentes cat\u00e9gories de cookies dans la fen\u00eatre contextuelle en fonction de vos pr\u00e9f\u00e9rences. Si vous d\u00e9cidez de modifier vos pr\u00e9f\u00e9rences plus tard au cours de votre session de navigation, vous pouvez cliquer sur l\u2019onglet \u00ab G\u00e9rer le consentement \u00bb de votre \u00e9cran. Vous r\u00e9ouvrirez ainsi l\u2019avertissement sur le consentement vous permettant de modifier vos pr\u00e9f\u00e9rences ou de retirer compl\u00e8tement votre consentement. En outre, les diff\u00e9rents navigateurs proposent diff\u00e9rentes m\u00e9thodes pour bloquer et supprimer les cookies utilis\u00e9s par les sites web. Vous pouvez modifier les param\u00e8tres de votre navigateur pour bloquer ou supprimer les cookies. Pour en savoir plus sur la fa\u00e7on dont vous pouvez g\u00e9rer et supprimer les cookies, visitez <a href=\"https:\/\/www.wikipedia.org\/\" target=\"_blank\" rel=\"noopener\">wikipedia.org<\/a> ou <a href=\"www.allaboutcookies.org\" target=\"_blank\" rel=\"noopener\">www.allaboutcookies.org<\/a>.<\/p>\n<p>[\/et_pb_text][\/et_pb_column][\/et_pb_row][\/et_pb_section]<\/p>\n","protected":false},"excerpt":{"rendered":"<p>Politique de cookies \u00c0 propos de cette politique de cookies. Cette politique de cookies explique ce que sont les cookies et comment nous les utilisons. Vous devez lire cette politique pour comprendre ce que sont les cookies, comment nous les utilisons, les types de cookies que nous utilisons, c\u2019est-\u00e0-dire les informations que nous recueillons \u00e0 [&hellip;]<\/p>\n","protected":false},"author":1,"featured_media":0,"parent":0,"menu_order":0,"comment_status":"closed","ping_status":"closed","template":"","meta":{"_et_pb_use_builder":"on","_et_pb_old_content":"","_et_gb_content_width":"","footnotes":""},"dipi_cpt_category":[],"class_list":["post-855","page","type-page","status-publish","hentry"],"_links":{"self":[{"href":"https:\/\/bethancunningham.com\/fr\/wp-json\/wp\/v2\/pages\/855","targetHints":{"allow":["GET"]}}],"collection":[{"href":"https:\/\/bethancunningham.com\/fr\/wp-json\/wp\/v2\/pages"}],"about":[{"href":"https:\/\/bethancunningham.com\/fr\/wp-json\/wp\/v2\/types\/page"}],"author":[{"embeddable":true,"href":"https:\/\/bethancunningham.com\/fr\/wp-json\/wp\/v2\/users\/1"}],"replies":[{"embeddable":true,"href":"https:\/\/bethancunningham.com\/fr\/wp-json\/wp\/v2\/comments?post=855"}],"version-history":[{"count":12,"href":"https:\/\/bethancunningham.com\/fr\/wp-json\/wp\/v2\/pages\/855\/revisions"}],"predecessor-version":[{"id":982,"href":"https:\/\/bethancunningham.com\/fr\/wp-json\/wp\/v2\/pages\/855\/revisions\/982"}],"wp:attachment":[{"href":"https:\/\/bethancunningham.com\/fr\/wp-json\/wp\/v2\/media?parent=855"}],"wp:term":[{"taxonomy":"dipi_cpt_category","embeddable":true,"href":"https:\/\/bethancunningham.com\/fr\/wp-json\/wp\/v2\/dipi_cpt_category?post=855"}],"curies":[{"name":"wp","href":"https:\/\/api.w.org\/{rel}","templated":true}]}}