{"id":849,"date":"2023-09-29T07:15:28","date_gmt":"2023-09-29T07:15:28","guid":{"rendered":"https:\/\/bethancunningham.com\/accessibilite\/"},"modified":"2024-03-05T15:30:31","modified_gmt":"2024-03-05T15:30:31","slug":"accessibilite","status":"publish","type":"page","link":"https:\/\/bethancunningham.com\/fr\/accessibilite\/","title":{"rendered":"Accessibilit\u00e9"},"content":{"rendered":"<p>[et_pb_section fb_built=\u00a0\u00bb1&Prime; _builder_version=\u00a0\u00bb4.22.0&Prime; _module_preset=\u00a0\u00bbdefault\u00a0\u00bb global_colors_info=\u00a0\u00bb{}\u00a0\u00bb][et_pb_row _builder_version=\u00a0\u00bb4.22.0&Prime; _module_preset=\u00a0\u00bbdefault\u00a0\u00bb global_colors_info=\u00a0\u00bb{}\u00a0\u00bb][et_pb_column type=\u00a0\u00bb4_4&Prime; _builder_version=\u00a0\u00bb4.22.0&Prime; _module_preset=\u00a0\u00bbdefault\u00a0\u00bb global_colors_info=\u00a0\u00bb{}\u00a0\u00bb][et_pb_text _builder_version=\u00a0\u00bb4.22.0&Prime; _module_preset=\u00a0\u00bbdefault\u00a0\u00bb global_colors_info=\u00a0\u00bb{}\u00a0\u00bb]<\/p>\n<h1>Accessibilit\u00e9<\/h1>\n<p>Bethan Cunningham s\u2019engage \u00e0 ce que le site web <span style=\"color: #ff0000;\"><strong>bethancunningham.com<\/strong><\/span> soit accessible pour tous ses utilisateurs, y compris les personnes en situation de handicap. Nous nous engageons \u00e0 garantir que notre site web respecte les r\u00e8gles pour l\u2019accessibilit\u00e9 des contenus web WCAG 2.1 de niveau AA.<\/p>\n<h2>\u00c9tat de conformit\u00e9<\/h2>\n<p>Les r\u00e8gles pour l\u2019accessibilit\u00e9 des contenus web (WCAG) d\u00e9finissent les exigences auxquelles doivent se conformer les concepteurs et les d\u00e9veloppeurs pour rendre les contenus web plus accessibles aux personnes en situation de handicap. Elles d\u00e9finissent trois niveaux de conformit\u00e9 : niveau A, niveau AA et niveau AAA. <span style=\"color: #ff0000;\"><strong>bethancunningham.com<\/strong><\/span> se conforme partiellement au niveau AA des WCAG 2.1. \u00ab Se conforme partiellement \u00bb signifie que certaines parties du contenu ne sont pas enti\u00e8rement conformes \u00e0 la norme d\u2019accessibilit\u00e9.<\/p>\n<h2>Contenu non accessible<\/h2>\n<p>Certains fichiers bureautiques, au format PDF ou autres, sont susceptibles de ne pas satisfaire totalement \u00e0 l\u2019ensemble des exigences en mati\u00e8re d\u2019accessibilit\u00e9. Des documents enti\u00e8rement accessibles peuvent \u00eatre demand\u00e9s \u00e0 partir du formulaire de contact.<\/p>\n<p>Il peut y avoir des erreurs de code ponctuelles sur certaines pages web.<\/p>\n<h2>Feedback<\/h2>\n<p>Nous nous engageons \u00e0 continuer d\u2019am\u00e9liorer l\u2019accessibilit\u00e9 de notre site web pour garantir qu\u2019il soit accessible \u00e0 tout le monde. Si vous avez des questions ou des suggestions, veuillez nous contacter.<\/p>\n<p>Sign\u00e9: Bethan Cunningham<br \/>Date: 25 juillet 2023<\/p>\n<p>[\/et_pb_text][\/et_pb_column][\/et_pb_row][\/et_pb_section]<\/p>\n","protected":false},"excerpt":{"rendered":"<p>Accessibilit\u00e9 Bethan Cunningham s\u2019engage \u00e0 ce que le site web bethancunningham.com soit accessible pour tous ses utilisateurs, y compris les personnes en situation de handicap. Nous nous engageons \u00e0 garantir que notre site web respecte les r\u00e8gles pour l\u2019accessibilit\u00e9 des contenus web WCAG 2.1 de niveau AA. \u00c9tat de conformit\u00e9 Les r\u00e8gles pour l\u2019accessibilit\u00e9 des [&hellip;]<\/p>\n","protected":false},"author":1,"featured_media":0,"parent":0,"menu_order":0,"comment_status":"closed","ping_status":"closed","template":"","meta":{"_et_pb_use_builder":"on","_et_pb_old_content":"","_et_gb_content_width":"","footnotes":""},"dipi_cpt_category":[],"class_list":["post-849","page","type-page","status-publish","hentry"],"_links":{"self":[{"href":"https:\/\/bethancunningham.com\/fr\/wp-json\/wp\/v2\/pages\/849","targetHints":{"allow":["GET"]}}],"collection":[{"href":"https:\/\/bethancunningham.com\/fr\/wp-json\/wp\/v2\/pages"}],"about":[{"href":"https:\/\/bethancunningham.com\/fr\/wp-json\/wp\/v2\/types\/page"}],"author":[{"embeddable":true,"href":"https:\/\/bethancunningham.com\/fr\/wp-json\/wp\/v2\/users\/1"}],"replies":[{"embeddable":true,"href":"https:\/\/bethancunningham.com\/fr\/wp-json\/wp\/v2\/comments?post=849"}],"version-history":[{"count":5,"href":"https:\/\/bethancunningham.com\/fr\/wp-json\/wp\/v2\/pages\/849\/revisions"}],"predecessor-version":[{"id":854,"href":"https:\/\/bethancunningham.com\/fr\/wp-json\/wp\/v2\/pages\/849\/revisions\/854"}],"wp:attachment":[{"href":"https:\/\/bethancunningham.com\/fr\/wp-json\/wp\/v2\/media?parent=849"}],"wp:term":[{"taxonomy":"dipi_cpt_category","embeddable":true,"href":"https:\/\/bethancunningham.com\/fr\/wp-json\/wp\/v2\/dipi_cpt_category?post=849"}],"curies":[{"name":"wp","href":"https:\/\/api.w.org\/{rel}","templated":true}]}}