{"id":481,"date":"2023-05-08T10:16:14","date_gmt":"2023-05-08T10:16:14","guid":{"rendered":"https:\/\/bethancunningham.com\/politica-de-privacidad\/"},"modified":"2024-03-04T14:19:32","modified_gmt":"2024-03-04T14:19:32","slug":"politica-de-privacidad","status":"publish","type":"page","link":"https:\/\/bethancunningham.com\/es\/politica-de-privacidad\/","title":{"rendered":"Pol\u00edtica de privacidad"},"content":{"rendered":"<p>[et_pb_section fb_built=\u00bb1&#8243; _builder_version=\u00bb4.16&#8243; global_colors_info=\u00bb{}\u00bb][et_pb_row _builder_version=\u00bb4.16&#8243; background_size=\u00bbinitial\u00bb background_position=\u00bbtop_left\u00bb background_repeat=\u00bbrepeat\u00bb global_colors_info=\u00bb{}\u00bb][et_pb_column type=\u00bb4_4&#8243; _builder_version=\u00bb4.16&#8243; custom_padding=\u00bb|||\u00bb global_colors_info=\u00bb{}\u00bb custom_padding__hover=\u00bb|||\u00bb][et_pb_text _builder_version=\u00bb4.22.0&#8243; background_size=\u00bbinitial\u00bb background_position=\u00bbtop_left\u00bb background_repeat=\u00bbrepeat\u00bb hover_enabled=\u00bb0&#8243; global_colors_info=\u00bb{}\u00bb sticky_enabled=\u00bb0&#8243;]<\/p>\n<h1>Pol\u00edtica de privacidad<\/h1>\n<p>En cumplimiento del REGLAMENTO (UE) 2016\/679 DEL PARLAMENTO EUROPEO Y DEL CONSEJO de 27 de abril de 2016, relativo a la protecci\u00f3n de las personas f\u00edsicas en lo que se refiere al tratamiento de datos personales ya la libre circulaci\u00f3n de estos datos, y de la Ley org\u00e1nica 3\/2018, de 5 de diciembre, de Protecci\u00f3n de Datos Personales y garant\u00eda de los derechos digitales, se le informa que los datos personales proporcionados por usted a trav\u00e9s de este sitio web (en adelante el sitio web), ser\u00e1n tratados en los siguientes t\u00e9rminos:<\/p>\n<h2>Responsable del tratamiento<\/h2>\n<p>Los datos personales recabados a trav\u00e9s de este sitio web ser\u00e1n tratados por Bethan Cunningham, e-mail: <a href=\"mailto:bethancunningham@gmail.com\" target=\"_blank\" rel=\"noopener\">bethancunningham@gmail.com<\/a>.<\/p>\n<h2>Finalidades del tratamiento<\/h2>\n<p>Informarle sobre nuestros productos y servicios, cuando as\u00ed lo solicite a trav\u00e9s de los formularios del sitio web o por correo electr\u00f3nico.<br \/>\nDar contestaci\u00f3n y gestionar sus consultas, comentarios y sugerencias, en su caso.<br \/>\nGestionar su participaci\u00f3n en presentes y futuros procesos de selecci\u00f3n, cuando nos haga llegar sus datos (incluido su curr\u00edculum) a tal fin.<br \/>\nCon el fin de obtener informaci\u00f3n del uso del sitio web, se analiza el n\u00famero de p\u00e1ginas visitadas, el n\u00famero de visitas, as\u00ed como la actividad de los visitantes y su frecuencia de utilizaci\u00f3n. A tal efecto, el RESPONSABLE utiliza informaci\u00f3n estad\u00edstica elaborada por el Proveedor de Servicios de Internet que no permite identificar al interesado en ning\u00fan momento.<\/p>\n<h2>Legitimaci\u00f3n<\/h2>\n<p>Inter\u00e9s leg\u00edtimo del responsable. La informaci\u00f3n estad\u00edstica obtenida del sitio web ser\u00e1 tratada sobre la base del inter\u00e9s leg\u00edtimo del responsable. Esta informaci\u00f3n no permite identificar al usuario.<\/p>\n<h2>Destinatarios<\/h2>\n<p>Los datos personales obtenidos a trav\u00e9s del sitio web no ser\u00e1n comunicados a terceros, salvo obligaci\u00f3n legal.<\/p>\n<h2>Conservaci\u00f3n<\/h2>\n<p>Cuando el usuario env\u00ede sus datos para contactar con RESPONSABLE, realizar consultas o sugerencias, los datos se conservar\u00e1n mientras sea necesario para tal fin y puedan derivarse responsabilidades del tratamiento.<\/p>\n<p>Datos de tr\u00e1fico, estad\u00edsticos y visitas web: los datos ser\u00e1n conservados durante el plazo de tres a\u00f1os.<\/p>\n<h2>Derechos<\/h2>\n<p>Puede ejercer sus derechos de acceso, rectificaci\u00f3n, supresi\u00f3n y portabilidad de sus datos, de limitaci\u00f3n y oposici\u00f3n a su tratamiento, mediante escrito, acompa\u00f1ado de documento oficial que le identifique dirigido a Bethan Cunningham.<\/p>\n<p>E-mail: <a href=\"mailto:bethancunningham@gmail.com\" target=\"_blank\" rel=\"noopener\">bethancunningham@gmail.com<\/a>. En caso de disconformidad con el tratamiento, tambi\u00e9n tendr\u00e1 derecho a presentar una reclamaci\u00f3n ante la Agencia Espa\u00f1ola de Protecci\u00f3n de Datos (<a href=\"https:\/\/www.aepd.es\/\" target=\"_blank\" rel=\"noopener\">www.aepd.es<\/a>).<\/p>\n<h2>Pol\u00edtica de protecci\u00f3n de menores<\/h2>\n<p>Quien facilita los datos a trav\u00e9s de los formularios de esta Web y acepta su tratamiento declara formalmente ser mayor de 14 a\u00f1os.<\/p>\n<p>Queda prohibido el acceso y uso del portal a menores de 14 a\u00f1os de edad.<\/p>\n<p>El RESPONSABLE recuerda a las personas mayores de edad que tengan a su cargo a menores, que ser\u00e1 exclusivamente de su responsabilidad si alg\u00fan menor incorpora sus datos para solicitar alg\u00fan producto.<\/p>\n<p>Tambi\u00e9n les informa que existen programas inform\u00e1ticos para acotar la navegaci\u00f3n mediante el filtro o bloqueo a determinados contenidos.<\/p>\n<h2>Tratamiento derivado del uso de las redes sociales<\/h2>\n<p>Al seguir nuestro perfil en las redes sociales, consiente expresamente el tratamiento de sus datos personales conforme a la pol\u00edtica de privacidad de la correspondiente red social. Asimismo, consiente expresamente el acceso del RESPONSABLE al tratamiento de sus datos contenidos en su perfil y que las noticias publicadas sobre cualquier producto del RESPONSABLE aparezcan en su muro. Su petici\u00f3n para conectar, implica necesariamente su consentimiento para los tratamientos se\u00f1alados, siendo esta la base legal del tratamiento. Los datos se conservar\u00e1n mientras el interesado no solicite su oposici\u00f3n o retire su consentimiento, pudiendo retirar este en cualquier momento.<\/p>\n<p>Los comentarios y contenidos publicados en las redes sociales se convertir\u00e1n en informaci\u00f3n p\u00fablica; por lo tanto, los usuarios deber\u00e1n tener especial cautela al decidir de compartir su informaci\u00f3n personal. El RESPONSABLE no se hace responsable por la informaci\u00f3n que los usuarios incorporen a la p\u00e1gina. No obstante, las personas cuyos datos personales se encuentren publicadas o est\u00e9n incluidas en comentarios, podr\u00e1n solicitar al RESPONSABLE la cancelaci\u00f3n de los mismos.[\/et_pb_text][\/et_pb_column][\/et_pb_row][\/et_pb_section]<\/p>\n","protected":false},"excerpt":{"rendered":"<p>Pol\u00edtica de privacidad En cumplimiento del REGLAMENTO (UE) 2016\/679 DEL PARLAMENTO EUROPEO Y DEL CONSEJO de 27 de abril de 2016, relativo a la protecci\u00f3n de las personas f\u00edsicas en lo que se refiere al tratamiento de datos personales ya la libre circulaci\u00f3n de estos datos, y de la Ley org\u00e1nica 3\/2018, de 5 de [&hellip;]<\/p>\n","protected":false},"author":1,"featured_media":0,"parent":0,"menu_order":0,"comment_status":"closed","ping_status":"closed","template":"","meta":{"_et_pb_use_builder":"on","_et_pb_old_content":"","_et_gb_content_width":"","footnotes":""},"dipi_cpt_category":[],"class_list":["post-481","page","type-page","status-publish","hentry"],"_links":{"self":[{"href":"https:\/\/bethancunningham.com\/es\/wp-json\/wp\/v2\/pages\/481","targetHints":{"allow":["GET"]}}],"collection":[{"href":"https:\/\/bethancunningham.com\/es\/wp-json\/wp\/v2\/pages"}],"about":[{"href":"https:\/\/bethancunningham.com\/es\/wp-json\/wp\/v2\/types\/page"}],"author":[{"embeddable":true,"href":"https:\/\/bethancunningham.com\/es\/wp-json\/wp\/v2\/users\/1"}],"replies":[{"embeddable":true,"href":"https:\/\/bethancunningham.com\/es\/wp-json\/wp\/v2\/comments?post=481"}],"version-history":[{"count":11,"href":"https:\/\/bethancunningham.com\/es\/wp-json\/wp\/v2\/pages\/481\/revisions"}],"predecessor-version":[{"id":729,"href":"https:\/\/bethancunningham.com\/es\/wp-json\/wp\/v2\/pages\/481\/revisions\/729"}],"wp:attachment":[{"href":"https:\/\/bethancunningham.com\/es\/wp-json\/wp\/v2\/media?parent=481"}],"wp:term":[{"taxonomy":"dipi_cpt_category","embeddable":true,"href":"https:\/\/bethancunningham.com\/es\/wp-json\/wp\/v2\/dipi_cpt_category?post=481"}],"curies":[{"name":"wp","href":"https:\/\/api.w.org\/{rel}","templated":true}]}}